{"id":641,"date":"2025-08-13T13:18:21","date_gmt":"2025-08-13T11:18:21","guid":{"rendered":"https:\/\/aemam.org\/asociarse\/"},"modified":"2025-11-24T12:41:46","modified_gmt":"2025-11-24T10:41:46","slug":"asociarse","status":"publish","type":"page","link":"https:\/\/www.aemam.org\/es\/asociarse\/","title":{"rendered":"Asociarse"},"content":{"rendered":"\t\t<div data-elementor-type=\"wp-page\" data-elementor-id=\"641\" class=\"elementor elementor-641 elementor-20\" data-elementor-post-type=\"page\">\n\t\t\t\t<div class=\"elementor-element elementor-element-03b13e4 e-flex e-con-boxed e-con e-parent\" data-id=\"03b13e4\" data-element_type=\"container\" data-e-type=\"container\" data-settings=\"{&quot;background_background&quot;:&quot;classic&quot;}\">\n\t\t\t\t\t<div class=\"e-con-inner\">\n\t\t\t\t\t<\/div>\n\t\t\t\t<\/div>\n\t\t<div class=\"elementor-element elementor-element-7f9f87f e-flex e-con-boxed e-con e-parent\" data-id=\"7f9f87f\" data-element_type=\"container\" data-e-type=\"container\">\n\t\t\t\t\t<div class=\"e-con-inner\">\n\t\t\t\t<div class=\"elementor-element elementor-element-946f07e elementor-widget elementor-widget-heading\" data-id=\"946f07e\" data-element_type=\"widget\" data-e-type=\"widget\" data-widget_type=\"heading.default\">\n\t\t\t\t\t<h1 class=\"elementor-heading-title elementor-size-default\">\u00bfQuieres asociarte a la AEMAM?\n<\/h1>\t\t\t\t<\/div>\n\t\t\t\t<div class=\"elementor-element elementor-element-16f6fea elementor-widget elementor-widget-text-editor\" data-id=\"16f6fea\" data-element_type=\"widget\" data-e-type=\"widget\" data-widget_type=\"text-editor.default\">\n\t\t\t\t\t\t\t\t\t<p>Para asociaros a esta entidad hace falta:<\/p><p>1 Rellenar la solicitud de inscripci\u00f3n.<br>2 Imprimir y firmar la solicitud.<br>3 Traerla personalmente a nuestras oficinas.<\/p>\t\t\t\t\t\t\t\t<\/div>\n\t\t\t\t<div class=\"elementor-element elementor-element-b7af5b4 elementor-widget elementor-widget-button\" data-id=\"b7af5b4\" data-element_type=\"widget\" data-e-type=\"widget\" data-widget_type=\"button.default\">\n\t\t\t\t\t\t\t\t\t\t<a class=\"elementor-button elementor-button-link elementor-size-sm\" href=\"https:\/\/www.aemam.org\/wp-content\/uploads\/2025\/10\/Full-Inscripcio-nous-socis.pdf\" target=\"_blank\" rel=\"nofollow\">\n\t\t\t\t\t\t<span class=\"elementor-button-content-wrapper\">\n\t\t\t\t\t\t\t\t\t<span class=\"elementor-button-text\">Solicitud de inscripci\u00f3n<\/span>\n\t\t\t\t\t<\/span>\n\t\t\t\t\t<\/a>\n\t\t\t\t\t\t\t\t<\/div>\n\t\t\t\t\t<\/div>\n\t\t\t\t<\/div>\n\t\t<div class=\"elementor-element elementor-element-976eb3f e-flex e-con-boxed e-con e-parent\" data-id=\"976eb3f\" data-element_type=\"container\" data-e-type=\"container\" data-settings=\"{&quot;background_background&quot;:&quot;classic&quot;}\">\n\t\t\t\t\t<div class=\"e-con-inner\">\n\t\t\t\t<div class=\"elementor-element elementor-element-c404275 elementor-widget elementor-widget-heading\" data-id=\"c404275\" data-element_type=\"widget\" data-e-type=\"widget\" data-widget_type=\"heading.default\">\n\t\t\t\t\t<h4 class=\"elementor-heading-title elementor-size-default\">Cuota trimestral a pagar seg\u00fan el n\u00famero de trabajadores:<\/h4>\t\t\t\t<\/div>\n\t\t\t\t<div class=\"elementor-element elementor-element-368c88c elementor-widget elementor-widget-text-editor\" data-id=\"368c88c\" data-element_type=\"widget\" data-e-type=\"widget\" data-widget_type=\"text-editor.default\">\n\t\t\t\t\t\t\t\t\t<table class=\"tabla_lista\" border=\"0\" cellspacing=\"2\" cellpadding=\"0\"><tbody><tr><td class=\"td_l_dato\">Inscripci\u00f3n Inicial \/ Alta Asociado<\/td> <td class=\"td_l_precio\">200 \u20ac<\/td><\/tr><tr><td class=\"td_l_dato\">Derrama Trimestral (s\u00f3lo rama Instaladores)<\/td> <td class=\"td_l_precio\">6,00 \u20ac<\/td><\/tr><tr><td class=\"td_l_dato\">Empresas sin trabajadores: <\/td><td class=\"td_l_precio\">79,51 \u20ac<\/td><\/tr><tr><td class=\"td_l_dato\">Empresas de <b>1 a 3<\/b> trabajadores:<\/td> <td class=\"td_l_precio\">99,48 \u20ac<\/td><\/tr><tr><td class=\"td_l_dato\">Empresas de <b>4 a 5<\/b> trabajadores:<\/td> <td class=\"td_l_precio\">102,71 \u20ac<\/td><\/tr><tr><td class=\"td_l_dato\">Empresas de <b>6 a 10<\/b> trabajadores:<\/td> <td class=\"td_l_precio\">123,71 \u20ac<\/td><\/tr><tr><td class=\"td_l_dato\">Empresas de <b>11 a 15<\/b> trabajadores:<\/td> <td class=\"td_l_precio\">151,24 \u20ac<\/td><\/tr><tr><td class=\"td_l_dato\">Empresas de <b>16 a 20 <\/b>trabajadores:<\/td> <td class=\"td_l_precio\">179,09 \u20ac<\/td><\/tr><tr><td class=\"td_l_dato\">Empresas de <b>21 a 25<\/b> trabajadores:<\/td> <td class=\"td_l_precio\">206,59 \u20ac<\/td><\/tr><tr><td class=\"td_l_dato\">Empresas de <b>26 a 30<\/b> trabajadores:<\/td><td class=\"td_l_precio\"> 227,53 \u20ac<\/td><\/tr><tr><td class=\"td_l_dato\">Empresas de <b>31 a 45<\/b> trabajadores:<\/td> <td class=\"td_l_precio\">310,65 \u20ac<\/td><\/tr><tr><td class=\"td_l_dato\">Empresas de <b>46 a 60<\/b> trabajadores<\/td> <td class=\"td_l_precio\">359,22 \u20ac<\/td><\/tr><tr><td class=\"td_l_dato\">Empresas de <b>m\u00e1s de 60<\/b> trabajadores:<\/td> <td class=\"td_l_precio\">497,72 \u20ac<\/td><\/tr><\/tbody><\/table>\t\t\t\t\t\t\t\t<\/div>\n\t\t\t\t\t<\/div>\n\t\t\t\t<\/div>\n\t\t\t\t<\/div>\n\t\t","protected":false},"excerpt":{"rendered":"<p>\u00bfQuieres asociarte a la AEMAM? Para asociaros a esta entidad hace falta: 1 Rellenar la solicitud de inscripci\u00f3n.2 Imprimir y firmar la solicitud.3 Traerla personalmente a nuestras oficinas. Solicitud de inscripci\u00f3n Cuota trimestral a pagar seg\u00fan el n\u00famero de trabajadores: Inscripci\u00f3n Inicial \/ Alta Asociado 200 \u20ac Derrama Trimestral (s\u00f3lo rama Instaladores) 6,00 \u20ac Empresas [&hellip;]<\/p>\n","protected":false},"author":1,"featured_media":0,"parent":0,"menu_order":0,"comment_status":"closed","ping_status":"closed","template":"elementor_header_footer","meta":{"_acf_changed":false,"footnotes":""},"class_list":["post-641","page","type-page","status-publish","hentry"],"acf":[],"yoast_head":"<!-- This site is optimized with the Yoast SEO plugin v26.9 - https:\/\/yoast.com\/product\/yoast-seo-wordpress\/ -->\n<title>Asociarse - AEMAM<\/title>\n<meta name=\"description\" content=\"\u00bfQuieres asociarte a la AEMAM? Para asociaros a esta entidad hace falta...\" \/>\n<meta name=\"robots\" content=\"index, follow, max-snippet:-1, max-image-preview:large, max-video-preview:-1\" \/>\n<link rel=\"canonical\" href=\"https:\/\/www.aemam.org\/es\/asociarse\/\" \/>\n<meta property=\"og:locale\" content=\"es_ES\" \/>\n<meta property=\"og:type\" content=\"article\" \/>\n<meta property=\"og:title\" content=\"Asociarse - AEMAM\" \/>\n<meta property=\"og:description\" content=\"\u00bfQuieres asociarte a la AEMAM? Para asociaros a esta entidad hace falta...\" \/>\n<meta property=\"og:url\" content=\"https:\/\/www.aemam.org\/es\/asociarse\/\" \/>\n<meta property=\"og:site_name\" content=\"AEMAM\" \/>\n<meta property=\"article:modified_time\" content=\"2025-11-24T10:41:46+00:00\" \/>\n<meta name=\"twitter:card\" content=\"summary_large_image\" \/>\n<script type=\"application\/ld+json\" class=\"yoast-schema-graph\">{\"@context\":\"https:\/\/schema.org\",\"@graph\":[{\"@type\":\"WebPage\",\"@id\":\"https:\/\/www.aemam.org\/es\/asociarse\/\",\"url\":\"https:\/\/www.aemam.org\/es\/asociarse\/\",\"name\":\"Asociarse - AEMAM\",\"isPartOf\":{\"@id\":\"https:\/\/www.aemam.org\/es\/#website\"},\"datePublished\":\"2025-08-13T11:18:21+00:00\",\"dateModified\":\"2025-11-24T10:41:46+00:00\",\"description\":\"\u00bfQuieres asociarte a la AEMAM? Para asociaros a esta entidad hace falta...\",\"breadcrumb\":{\"@id\":\"https:\/\/www.aemam.org\/es\/asociarse\/#breadcrumb\"},\"inLanguage\":\"es\",\"potentialAction\":[{\"@type\":\"ReadAction\",\"target\":[\"https:\/\/www.aemam.org\/es\/asociarse\/\"]}]},{\"@type\":\"BreadcrumbList\",\"@id\":\"https:\/\/www.aemam.org\/es\/asociarse\/#breadcrumb\",\"itemListElement\":[{\"@type\":\"ListItem\",\"position\":1,\"name\":\"Inici\",\"item\":\"https:\/\/www.aemam.org\/es\/inicio\/\"},{\"@type\":\"ListItem\",\"position\":2,\"name\":\"Asociarse\"}]},{\"@type\":\"WebSite\",\"@id\":\"https:\/\/www.aemam.org\/es\/#website\",\"url\":\"https:\/\/www.aemam.org\/es\/\",\"name\":\"AEMAM\",\"description\":\"Associaci\u00f3 d&#039;Empresaris Metal\u00b7l\u00fargics de l&#039;Alt Maresme\",\"publisher\":{\"@id\":\"https:\/\/www.aemam.org\/es\/#organization\"},\"potentialAction\":[{\"@type\":\"SearchAction\",\"target\":{\"@type\":\"EntryPoint\",\"urlTemplate\":\"https:\/\/www.aemam.org\/es\/?s={search_term_string}\"},\"query-input\":{\"@type\":\"PropertyValueSpecification\",\"valueRequired\":true,\"valueName\":\"search_term_string\"}}],\"inLanguage\":\"es\"},{\"@type\":\"Organization\",\"@id\":\"https:\/\/www.aemam.org\/es\/#organization\",\"name\":\"AEMAM\",\"url\":\"https:\/\/www.aemam.org\/es\/\",\"logo\":{\"@type\":\"ImageObject\",\"inLanguage\":\"es\",\"@id\":\"https:\/\/www.aemam.org\/es\/#\/schema\/logo\/image\/\",\"url\":\"https:\/\/www.aemam.org\/wp-content\/uploads\/2025\/08\/logo-aemam-blue.svg\",\"contentUrl\":\"https:\/\/www.aemam.org\/wp-content\/uploads\/2025\/08\/logo-aemam-blue.svg\",\"width\":849,\"height\":346,\"caption\":\"AEMAM\"},\"image\":{\"@id\":\"https:\/\/www.aemam.org\/es\/#\/schema\/logo\/image\/\"}}]}<\/script>\n<!-- \/ Yoast SEO plugin. -->","yoast_head_json":{"title":"Asociarse - AEMAM","description":"\u00bfQuieres asociarte a la AEMAM? Para asociaros a esta entidad hace falta...","robots":{"index":"index","follow":"follow","max-snippet":"max-snippet:-1","max-image-preview":"max-image-preview:large","max-video-preview":"max-video-preview:-1"},"canonical":"https:\/\/www.aemam.org\/es\/asociarse\/","og_locale":"es_ES","og_type":"article","og_title":"Asociarse - AEMAM","og_description":"\u00bfQuieres asociarte a la AEMAM? Para asociaros a esta entidad hace falta...","og_url":"https:\/\/www.aemam.org\/es\/asociarse\/","og_site_name":"AEMAM","article_modified_time":"2025-11-24T10:41:46+00:00","twitter_card":"summary_large_image","schema":{"@context":"https:\/\/schema.org","@graph":[{"@type":"WebPage","@id":"https:\/\/www.aemam.org\/es\/asociarse\/","url":"https:\/\/www.aemam.org\/es\/asociarse\/","name":"Asociarse - AEMAM","isPartOf":{"@id":"https:\/\/www.aemam.org\/es\/#website"},"datePublished":"2025-08-13T11:18:21+00:00","dateModified":"2025-11-24T10:41:46+00:00","description":"\u00bfQuieres asociarte a la AEMAM? Para asociaros a esta entidad hace falta...","breadcrumb":{"@id":"https:\/\/www.aemam.org\/es\/asociarse\/#breadcrumb"},"inLanguage":"es","potentialAction":[{"@type":"ReadAction","target":["https:\/\/www.aemam.org\/es\/asociarse\/"]}]},{"@type":"BreadcrumbList","@id":"https:\/\/www.aemam.org\/es\/asociarse\/#breadcrumb","itemListElement":[{"@type":"ListItem","position":1,"name":"Inici","item":"https:\/\/www.aemam.org\/es\/inicio\/"},{"@type":"ListItem","position":2,"name":"Asociarse"}]},{"@type":"WebSite","@id":"https:\/\/www.aemam.org\/es\/#website","url":"https:\/\/www.aemam.org\/es\/","name":"AEMAM","description":"Associaci\u00f3 d&#039;Empresaris Metal\u00b7l\u00fargics de l&#039;Alt Maresme","publisher":{"@id":"https:\/\/www.aemam.org\/es\/#organization"},"potentialAction":[{"@type":"SearchAction","target":{"@type":"EntryPoint","urlTemplate":"https:\/\/www.aemam.org\/es\/?s={search_term_string}"},"query-input":{"@type":"PropertyValueSpecification","valueRequired":true,"valueName":"search_term_string"}}],"inLanguage":"es"},{"@type":"Organization","@id":"https:\/\/www.aemam.org\/es\/#organization","name":"AEMAM","url":"https:\/\/www.aemam.org\/es\/","logo":{"@type":"ImageObject","inLanguage":"es","@id":"https:\/\/www.aemam.org\/es\/#\/schema\/logo\/image\/","url":"https:\/\/www.aemam.org\/wp-content\/uploads\/2025\/08\/logo-aemam-blue.svg","contentUrl":"https:\/\/www.aemam.org\/wp-content\/uploads\/2025\/08\/logo-aemam-blue.svg","width":849,"height":346,"caption":"AEMAM"},"image":{"@id":"https:\/\/www.aemam.org\/es\/#\/schema\/logo\/image\/"}}]}},"_links":{"self":[{"href":"https:\/\/www.aemam.org\/es\/wp-json\/wp\/v2\/pages\/641","targetHints":{"allow":["GET"]}}],"collection":[{"href":"https:\/\/www.aemam.org\/es\/wp-json\/wp\/v2\/pages"}],"about":[{"href":"https:\/\/www.aemam.org\/es\/wp-json\/wp\/v2\/types\/page"}],"author":[{"embeddable":true,"href":"https:\/\/www.aemam.org\/es\/wp-json\/wp\/v2\/users\/1"}],"replies":[{"embeddable":true,"href":"https:\/\/www.aemam.org\/es\/wp-json\/wp\/v2\/comments?post=641"}],"version-history":[{"count":7,"href":"https:\/\/www.aemam.org\/es\/wp-json\/wp\/v2\/pages\/641\/revisions"}],"predecessor-version":[{"id":1863,"href":"https:\/\/www.aemam.org\/es\/wp-json\/wp\/v2\/pages\/641\/revisions\/1863"}],"wp:attachment":[{"href":"https:\/\/www.aemam.org\/es\/wp-json\/wp\/v2\/media?parent=641"}],"curies":[{"name":"wp","href":"https:\/\/api.w.org\/{rel}","templated":true}]}}