{"id":725,"date":"2025-08-13T13:17:39","date_gmt":"2025-08-13T11:17:39","guid":{"rendered":"https:\/\/aemam.org\/circulares\/"},"modified":"2025-11-24T13:31:05","modified_gmt":"2025-11-24T11:31:05","slug":"circulares","status":"publish","type":"page","link":"https:\/\/www.aemam.org\/es\/circulares\/","title":{"rendered":"Circulares"},"content":{"rendered":"\t\t<div data-elementor-type=\"wp-page\" data-elementor-id=\"725\" class=\"elementor elementor-725 elementor-16\" data-elementor-post-type=\"page\">\n\t\t\t\t<div class=\"elementor-element elementor-element-ac11807 e-flex e-con-boxed e-con e-parent\" data-id=\"ac11807\" data-element_type=\"container\" data-e-type=\"container\" data-settings=\"{&quot;background_background&quot;:&quot;classic&quot;}\">\n\t\t\t\t\t<div class=\"e-con-inner\">\n\t\t\t\t\t<\/div>\n\t\t\t\t<\/div>\n\t\t<div class=\"elementor-element elementor-element-e65ddd5 e-flex e-con-boxed e-con e-parent\" data-id=\"e65ddd5\" data-element_type=\"container\" data-e-type=\"container\">\n\t\t\t\t\t<div class=\"e-con-inner\">\n\t\t<div class=\"elementor-element elementor-element-39bb8fe e-con-full e-flex e-con e-child\" data-id=\"39bb8fe\" data-element_type=\"container\" data-e-type=\"container\">\n\t\t<div class=\"elementor-element elementor-element-60c4cee e-con-full e-flex e-con e-child\" data-id=\"60c4cee\" data-element_type=\"container\" data-e-type=\"container\">\n\t\t\t\t<div class=\"elementor-element elementor-element-6abc770 elementor-widget elementor-widget-heading\" data-id=\"6abc770\" data-element_type=\"widget\" data-e-type=\"widget\" data-widget_type=\"heading.default\">\n\t\t\t\t\t<h1 class=\"elementor-heading-title elementor-size-default\">\u00bfQuiere tener acceso a nuestras circulares?<\/h1>\t\t\t\t<\/div>\n\t\t\t\t<div class=\"elementor-element elementor-element-38ca311 elementor-widget elementor-widget-text-editor\" data-id=\"38ca311\" data-element_type=\"widget\" data-e-type=\"widget\" data-widget_type=\"text-editor.default\">\n\t\t\t\t\t\t\t\t\t<p>La <strong>Associaci\u00f3 d\u2019Empresaris Metal\u00b7l\u00fargics de l\u2019Alt Maresme<\/strong> le ofrece tener acceso a todas las circulares internas con informaci\u00f3n necesaria para tu empresa. Nuestra voluntad, es siempre, ayudar a todo representante del sector.<\/p><p>Para facilitarle el d\u00eda a d\u00eda <strong>ponemos a su disposici\u00f3n toda la informaci\u00f3n que tu empresa necesita. Remitimos puntualmente las novedades sobre temas laborales, fiscales, administrativos y t\u00e9cnicos<\/strong> que sean de actualidad, tambi\u00e9n se transmite informaci\u00f3n directa de Uni\u00f3n Patronal Metal\u00fargica, de Fomento de Trabajo Nacional, de Ferca, de Fenie, de Conaif, de Confemetal, de la CEOE, del Bolet\u00edn Oficial del Estado y del Diari Oficial de la Generalitat de Catalunya.<\/p><p>S\u00f3lo hace falta que se des de alta en la Asociaci\u00f3n de Empresarios Metal\u00fargicos del Alt Maresme.<\/p>\t\t\t\t\t\t\t\t<\/div>\n\t\t\t\t<\/div>\n\t\t\t\t<\/div>\n\t\t<div class=\"elementor-element elementor-element-7b6287e e-con-full e-flex e-con e-child\" data-id=\"7b6287e\" data-element_type=\"container\" data-e-type=\"container\" data-settings=\"{&quot;background_background&quot;:&quot;classic&quot;}\">\n\t\t\t\t<div class=\"elementor-element elementor-element-e370b89 elementor-widget elementor-widget-heading\" data-id=\"e370b89\" data-element_type=\"widget\" data-e-type=\"widget\" data-widget_type=\"heading.default\">\n\t\t\t\t\t<h3 class=\"elementor-heading-title elementor-size-default\">Acceso \u00e1rea privada<\/h3>\t\t\t\t<\/div>\n\t\t\t\t<div class=\"elementor-element elementor-element-36322e2 elementor-widget elementor-widget-login\" data-id=\"36322e2\" data-element_type=\"widget\" data-e-type=\"widget\" data-widget_type=\"login.default\">\n\t\t\t\t\t\t\t<form class=\"elementor-login elementor-form\" method=\"post\" action=\"https:\/\/www.aemam.org\/es\/wp-login.php\" aria-label=\"Fromulario de login\">\n\t\t\t<input type=\"hidden\" name=\"redirect_to\" value=\"\/es\/wp-json\/wp\/v2\/pages\/725\">\n\t\t\t<div class=\"elementor-form-fields-wrapper\">\n\t\t\t\t<div class=\"elementor-field-type-text elementor-field-group elementor-column elementor-col-100 elementor-field-required\">\n\t\t\t\t\t<label for=\"user-36322e2\" class=\"elementor-field-label\">Nombre de usuario<\/label>\n\t\t\t\t\t<input size=\"1\" type=\"text\" name=\"log\" id=\"user-36322e2\" placeholder=\"\" class=\"elementor-field elementor-field-textual elementor-size-xs\">\n\t\t\t\t<\/div>\n\t\t\t\t<div class=\"elementor-field-type-text elementor-field-group elementor-column elementor-col-100 elementor-field-required\">\n\t\t\t\t\t<label for=\"password-36322e2\" class=\"elementor-field-label\">Contrase\u00f1a<\/label>\n\t\t\t\t\t<input size=\"1\" type=\"password\" name=\"pwd\" id=\"password-36322e2\" placeholder=\"\" class=\"elementor-field elementor-field-textual elementor-size-xs\">\n\t\t\t\t<\/div>\n\n\t\t\t\t\t\t\t\t\t<div class=\"elementor-field-type-checkbox elementor-field-group elementor-column elementor-col-100 elementor-remember-me\">\n\t\t\t\t\t\t<label for=\"elementor-login-remember-me\">\n\t\t\t\t\t\t\t<input type=\"checkbox\" id=\"elementor-login-remember-me\" name=\"rememberme\" value=\"forever\">\n\t\t\t\t\t\t\tRecu\u00e9rdame\t\t\t\t\t\t<\/label>\n\t\t\t\t\t<\/div>\n\t\t\t\t\n\t\t\t\t<div class=\"elementor-field-group elementor-column elementor-field-type-submit elementor-col-100\">\n\t\t\t\t\t<button type=\"submit\" class=\"elementor-size-sm elementor-button\" name=\"wp-submit\">\n\t\t\t\t\t\t\t\t\t\t\t\t\t\t\t<span class=\"elementor-button-text\">Iniciar sesi\u00f3n<\/span>\n\t\t\t\t\t\t\t\t\t\t\t\t<\/button>\n\t\t\t\t<\/div>\n\n\t\t\t\t\t\t\t<\/div>\n\t\t<\/form>\n\t\t\t\t\t\t<\/div>\n\t\t\t\t<\/div>\n\t\t\t\t\t<\/div>\n\t\t\t\t<\/div>\n\t\t<div class=\"elementor-element elementor-element-895182f e-flex e-con-boxed e-con e-parent\" data-id=\"895182f\" data-element_type=\"container\" data-e-type=\"container\" data-settings=\"{&quot;background_background&quot;:&quot;classic&quot;}\">\n\t\t\t\t\t<div class=\"e-con-inner\">\n\t\t<div class=\"elementor-element elementor-element-3a3f265 e-con-full e-flex e-con e-child\" data-id=\"3a3f265\" data-element_type=\"container\" data-e-type=\"container\">\n\t\t\t\t<div class=\"elementor-element elementor-element-2a83dbe elementor-widget elementor-widget-heading\" data-id=\"2a83dbe\" data-element_type=\"widget\" data-e-type=\"widget\" data-widget_type=\"heading.default\">\n\t\t\t\t\t<h2 class=\"elementor-heading-title elementor-size-default\">\u00bfQuieres asociarte?<\/h2>\t\t\t\t<\/div>\n\t\t\t\t<div class=\"elementor-element elementor-element-467c76e elementor-widget elementor-widget-heading\" data-id=\"467c76e\" data-element_type=\"widget\" data-e-type=\"widget\" data-widget_type=\"heading.default\">\n\t\t\t\t\t<div class=\"elementor-heading-title elementor-size-default\">Para hacerte socio haz clic en el bot\u00f3n.<\/div>\t\t\t\t<\/div>\n\t\t\t\t<\/div>\n\t\t<div class=\"elementor-element elementor-element-06abb36 e-con-full e-flex e-con e-child\" data-id=\"06abb36\" data-element_type=\"container\" data-e-type=\"container\">\n\t\t\t\t<div class=\"elementor-element elementor-element-3547d80 elementor-align-right elementor-mobile-align-left elementor-widget elementor-widget-button\" data-id=\"3547d80\" data-element_type=\"widget\" data-e-type=\"widget\" data-widget_type=\"button.default\">\n\t\t\t\t\t\t\t\t\t\t<a class=\"elementor-button elementor-button-link elementor-size-sm\" href=\"https:\/\/www.aemam.org\/es\/asociarse\/\">\n\t\t\t\t\t\t<span class=\"elementor-button-content-wrapper\">\n\t\t\t\t\t\t\t\t\t<span class=\"elementor-button-text\">Quiero asociarme<\/span>\n\t\t\t\t\t<\/span>\n\t\t\t\t\t<\/a>\n\t\t\t\t\t\t\t\t<\/div>\n\t\t\t\t<\/div>\n\t\t\t\t\t<\/div>\n\t\t\t\t<\/div>\n\t\t\t\t<\/div>\n\t\t","protected":false},"excerpt":{"rendered":"<p>\u00bfQuiere tener acceso a nuestras circulares? La Associaci\u00f3 d\u2019Empresaris Metal\u00b7l\u00fargics de l\u2019Alt Maresme le ofrece tener acceso a todas las circulares internas con informaci\u00f3n necesaria para tu empresa. Nuestra voluntad, es siempre, ayudar a todo representante del sector. Para facilitarle el d\u00eda a d\u00eda ponemos a su disposici\u00f3n toda la informaci\u00f3n que tu empresa necesita. [&hellip;]<\/p>\n","protected":false},"author":1,"featured_media":0,"parent":0,"menu_order":0,"comment_status":"closed","ping_status":"closed","template":"elementor_header_footer","meta":{"_acf_changed":false,"footnotes":""},"class_list":["post-725","page","type-page","status-publish","hentry"],"acf":[],"yoast_head":"<!-- This site is optimized with the Yoast SEO plugin v26.9 - https:\/\/yoast.com\/product\/yoast-seo-wordpress\/ -->\n<title>Circulares - AEMAM<\/title>\n<meta name=\"description\" content=\"La Associaci\u00f3 d\u2019Empresaris Metal\u00b7l\u00fargics de l\u2019Alt Maresme le ofrece tener acceso a todas las circulares internas con informaci\u00f3n necesaria para tu empresa.\" \/>\n<meta name=\"robots\" content=\"index, follow, max-snippet:-1, max-image-preview:large, max-video-preview:-1\" \/>\n<link rel=\"canonical\" href=\"https:\/\/www.aemam.org\/es\/circulares\/\" \/>\n<meta property=\"og:locale\" content=\"es_ES\" \/>\n<meta property=\"og:type\" content=\"article\" \/>\n<meta property=\"og:title\" content=\"Circulares - AEMAM\" \/>\n<meta property=\"og:description\" content=\"La Associaci\u00f3 d\u2019Empresaris Metal\u00b7l\u00fargics de l\u2019Alt Maresme le ofrece tener acceso a todas las circulares internas con informaci\u00f3n necesaria para tu empresa.\" \/>\n<meta property=\"og:url\" content=\"https:\/\/www.aemam.org\/es\/circulares\/\" \/>\n<meta property=\"og:site_name\" content=\"AEMAM\" \/>\n<meta property=\"article:modified_time\" content=\"2025-11-24T11:31:05+00:00\" \/>\n<meta name=\"twitter:card\" content=\"summary_large_image\" \/>\n<meta name=\"twitter:label1\" content=\"Tiempo de lectura\" \/>\n\t<meta name=\"twitter:data1\" content=\"1 minuto\" \/>\n<script type=\"application\/ld+json\" class=\"yoast-schema-graph\">{\"@context\":\"https:\/\/schema.org\",\"@graph\":[{\"@type\":\"WebPage\",\"@id\":\"https:\/\/www.aemam.org\/es\/circulares\/\",\"url\":\"https:\/\/www.aemam.org\/es\/circulares\/\",\"name\":\"Circulares - AEMAM\",\"isPartOf\":{\"@id\":\"https:\/\/www.aemam.org\/es\/#website\"},\"datePublished\":\"2025-08-13T11:17:39+00:00\",\"dateModified\":\"2025-11-24T11:31:05+00:00\",\"description\":\"La Associaci\u00f3 d\u2019Empresaris Metal\u00b7l\u00fargics de l\u2019Alt Maresme le ofrece tener acceso a todas las circulares internas con informaci\u00f3n necesaria para tu empresa.\",\"breadcrumb\":{\"@id\":\"https:\/\/www.aemam.org\/es\/circulares\/#breadcrumb\"},\"inLanguage\":\"es\",\"potentialAction\":[{\"@type\":\"ReadAction\",\"target\":[\"https:\/\/www.aemam.org\/es\/circulares\/\"]}]},{\"@type\":\"BreadcrumbList\",\"@id\":\"https:\/\/www.aemam.org\/es\/circulares\/#breadcrumb\",\"itemListElement\":[{\"@type\":\"ListItem\",\"position\":1,\"name\":\"Inici\",\"item\":\"https:\/\/www.aemam.org\/es\/inicio\/\"},{\"@type\":\"ListItem\",\"position\":2,\"name\":\"Circulares\"}]},{\"@type\":\"WebSite\",\"@id\":\"https:\/\/www.aemam.org\/es\/#website\",\"url\":\"https:\/\/www.aemam.org\/es\/\",\"name\":\"AEMAM\",\"description\":\"Associaci\u00f3 d&#039;Empresaris Metal\u00b7l\u00fargics de l&#039;Alt Maresme\",\"publisher\":{\"@id\":\"https:\/\/www.aemam.org\/es\/#organization\"},\"potentialAction\":[{\"@type\":\"SearchAction\",\"target\":{\"@type\":\"EntryPoint\",\"urlTemplate\":\"https:\/\/www.aemam.org\/es\/?s={search_term_string}\"},\"query-input\":{\"@type\":\"PropertyValueSpecification\",\"valueRequired\":true,\"valueName\":\"search_term_string\"}}],\"inLanguage\":\"es\"},{\"@type\":\"Organization\",\"@id\":\"https:\/\/www.aemam.org\/es\/#organization\",\"name\":\"AEMAM\",\"url\":\"https:\/\/www.aemam.org\/es\/\",\"logo\":{\"@type\":\"ImageObject\",\"inLanguage\":\"es\",\"@id\":\"https:\/\/www.aemam.org\/es\/#\/schema\/logo\/image\/\",\"url\":\"https:\/\/www.aemam.org\/wp-content\/uploads\/2025\/08\/logo-aemam-blue.svg\",\"contentUrl\":\"https:\/\/www.aemam.org\/wp-content\/uploads\/2025\/08\/logo-aemam-blue.svg\",\"width\":849,\"height\":346,\"caption\":\"AEMAM\"},\"image\":{\"@id\":\"https:\/\/www.aemam.org\/es\/#\/schema\/logo\/image\/\"}}]}<\/script>\n<!-- \/ Yoast SEO plugin. -->","yoast_head_json":{"title":"Circulares - AEMAM","description":"La Associaci\u00f3 d\u2019Empresaris Metal\u00b7l\u00fargics de l\u2019Alt Maresme le ofrece tener acceso a todas las circulares internas con informaci\u00f3n necesaria para tu empresa.","robots":{"index":"index","follow":"follow","max-snippet":"max-snippet:-1","max-image-preview":"max-image-preview:large","max-video-preview":"max-video-preview:-1"},"canonical":"https:\/\/www.aemam.org\/es\/circulares\/","og_locale":"es_ES","og_type":"article","og_title":"Circulares - AEMAM","og_description":"La Associaci\u00f3 d\u2019Empresaris Metal\u00b7l\u00fargics de l\u2019Alt Maresme le ofrece tener acceso a todas las circulares internas con informaci\u00f3n necesaria para tu empresa.","og_url":"https:\/\/www.aemam.org\/es\/circulares\/","og_site_name":"AEMAM","article_modified_time":"2025-11-24T11:31:05+00:00","twitter_card":"summary_large_image","twitter_misc":{"Tiempo de lectura":"1 minuto"},"schema":{"@context":"https:\/\/schema.org","@graph":[{"@type":"WebPage","@id":"https:\/\/www.aemam.org\/es\/circulares\/","url":"https:\/\/www.aemam.org\/es\/circulares\/","name":"Circulares - AEMAM","isPartOf":{"@id":"https:\/\/www.aemam.org\/es\/#website"},"datePublished":"2025-08-13T11:17:39+00:00","dateModified":"2025-11-24T11:31:05+00:00","description":"La Associaci\u00f3 d\u2019Empresaris Metal\u00b7l\u00fargics de l\u2019Alt Maresme le ofrece tener acceso a todas las circulares internas con informaci\u00f3n necesaria para tu empresa.","breadcrumb":{"@id":"https:\/\/www.aemam.org\/es\/circulares\/#breadcrumb"},"inLanguage":"es","potentialAction":[{"@type":"ReadAction","target":["https:\/\/www.aemam.org\/es\/circulares\/"]}]},{"@type":"BreadcrumbList","@id":"https:\/\/www.aemam.org\/es\/circulares\/#breadcrumb","itemListElement":[{"@type":"ListItem","position":1,"name":"Inici","item":"https:\/\/www.aemam.org\/es\/inicio\/"},{"@type":"ListItem","position":2,"name":"Circulares"}]},{"@type":"WebSite","@id":"https:\/\/www.aemam.org\/es\/#website","url":"https:\/\/www.aemam.org\/es\/","name":"AEMAM","description":"Associaci\u00f3 d&#039;Empresaris Metal\u00b7l\u00fargics de l&#039;Alt Maresme","publisher":{"@id":"https:\/\/www.aemam.org\/es\/#organization"},"potentialAction":[{"@type":"SearchAction","target":{"@type":"EntryPoint","urlTemplate":"https:\/\/www.aemam.org\/es\/?s={search_term_string}"},"query-input":{"@type":"PropertyValueSpecification","valueRequired":true,"valueName":"search_term_string"}}],"inLanguage":"es"},{"@type":"Organization","@id":"https:\/\/www.aemam.org\/es\/#organization","name":"AEMAM","url":"https:\/\/www.aemam.org\/es\/","logo":{"@type":"ImageObject","inLanguage":"es","@id":"https:\/\/www.aemam.org\/es\/#\/schema\/logo\/image\/","url":"https:\/\/www.aemam.org\/wp-content\/uploads\/2025\/08\/logo-aemam-blue.svg","contentUrl":"https:\/\/www.aemam.org\/wp-content\/uploads\/2025\/08\/logo-aemam-blue.svg","width":849,"height":346,"caption":"AEMAM"},"image":{"@id":"https:\/\/www.aemam.org\/es\/#\/schema\/logo\/image\/"}}]}},"_links":{"self":[{"href":"https:\/\/www.aemam.org\/es\/wp-json\/wp\/v2\/pages\/725","targetHints":{"allow":["GET"]}}],"collection":[{"href":"https:\/\/www.aemam.org\/es\/wp-json\/wp\/v2\/pages"}],"about":[{"href":"https:\/\/www.aemam.org\/es\/wp-json\/wp\/v2\/types\/page"}],"author":[{"embeddable":true,"href":"https:\/\/www.aemam.org\/es\/wp-json\/wp\/v2\/users\/1"}],"replies":[{"embeddable":true,"href":"https:\/\/www.aemam.org\/es\/wp-json\/wp\/v2\/comments?post=725"}],"version-history":[{"count":8,"href":"https:\/\/www.aemam.org\/es\/wp-json\/wp\/v2\/pages\/725\/revisions"}],"predecessor-version":[{"id":1897,"href":"https:\/\/www.aemam.org\/es\/wp-json\/wp\/v2\/pages\/725\/revisions\/1897"}],"wp:attachment":[{"href":"https:\/\/www.aemam.org\/es\/wp-json\/wp\/v2\/media?parent=725"}],"curies":[{"name":"wp","href":"https:\/\/api.w.org\/{rel}","templated":true}]}}