{"id":728,"date":"2025-08-13T13:17:53","date_gmt":"2025-08-13T11:17:53","guid":{"rendered":"https:\/\/aemam.org\/normativa\/"},"modified":"2025-11-24T13:38:42","modified_gmt":"2025-11-24T11:38:42","slug":"normativa","status":"publish","type":"page","link":"https:\/\/www.aemam.org\/es\/normativa\/","title":{"rendered":"Normativa"},"content":{"rendered":"\t\t<div data-elementor-type=\"wp-page\" data-elementor-id=\"728\" class=\"elementor elementor-728 elementor-17\" data-elementor-post-type=\"page\">\n\t\t\t\t<div class=\"elementor-element elementor-element-66e7fea e-flex e-con-boxed e-con e-parent\" data-id=\"66e7fea\" data-element_type=\"container\" data-e-type=\"container\" data-settings=\"{&quot;background_background&quot;:&quot;classic&quot;}\">\n\t\t\t\t\t<div class=\"e-con-inner\">\n\t\t\t\t\t<\/div>\n\t\t\t\t<\/div>\n\t\t<div class=\"elementor-element elementor-element-064805d e-flex e-con-boxed e-con e-parent\" data-id=\"064805d\" data-element_type=\"container\" data-e-type=\"container\">\n\t\t\t\t\t<div class=\"e-con-inner\">\n\t\t<div class=\"elementor-element elementor-element-469e944 e-con-full e-flex e-con e-child\" data-id=\"469e944\" data-element_type=\"container\" data-e-type=\"container\">\n\t\t<div class=\"elementor-element elementor-element-4c8cff1 e-con-full e-flex e-con e-child\" data-id=\"4c8cff1\" data-element_type=\"container\" data-e-type=\"container\">\n\t\t\t\t<div class=\"elementor-element elementor-element-e89b479 elementor-widget elementor-widget-heading\" data-id=\"e89b479\" data-element_type=\"widget\" data-e-type=\"widget\" data-widget_type=\"heading.default\">\n\t\t\t\t\t<h1 class=\"elementor-heading-title elementor-size-default\">\u00bfQuieres tener acceso a la normativa del sector?<\/h1>\t\t\t\t<\/div>\n\t\t\t\t<div class=\"elementor-element elementor-element-9df9734 elementor-widget elementor-widget-text-editor\" data-id=\"9df9734\" data-element_type=\"widget\" data-e-type=\"widget\" data-widget_type=\"text-editor.default\">\n\t\t\t\t\t\t\t\t\t<p>L\u2019Associaci\u00f3 d\u2019Empresaris Metal\u00b7l\u00fargics de l\u2019Alt Maresme os ofrece acceso a toda la normativa del sector, pod\u00e9is consultar toda la informaci\u00f3n relacionada con los reglamentos y normativas vigentes. Nuestra voluntad, es siempre, ayudar a todo representante del sector.<\/p><p>Para facilitarte el trabajo, ponemos a tu disposici\u00f3n toda la informaci\u00f3n que las empresas necesitan para estar al d\u00eda y, as\u00ed, poder disfrutar de todas las ventajas que la ley ofrece al sector.<\/p><p>S\u00f3lo tienes que darte de alta en la Associaci\u00f3 d&#8217;Empresaris Metal\u00b7\u00fargics de l&#8217;Alt Maresme<\/p>\t\t\t\t\t\t\t\t<\/div>\n\t\t\t\t<\/div>\n\t\t\t\t<\/div>\n\t\t<div class=\"elementor-element elementor-element-996be05 e-con-full e-flex e-con e-child\" data-id=\"996be05\" data-element_type=\"container\" data-e-type=\"container\" data-settings=\"{&quot;background_background&quot;:&quot;classic&quot;}\">\n\t\t\t\t<div class=\"elementor-element elementor-element-a5a86b5 elementor-widget elementor-widget-heading\" data-id=\"a5a86b5\" data-element_type=\"widget\" data-e-type=\"widget\" data-widget_type=\"heading.default\">\n\t\t\t\t\t<h3 class=\"elementor-heading-title elementor-size-default\">Acceso \u00e1rea privada<\/h3>\t\t\t\t<\/div>\n\t\t\t\t<div class=\"elementor-element elementor-element-1a244ff elementor-widget elementor-widget-login\" data-id=\"1a244ff\" data-element_type=\"widget\" data-e-type=\"widget\" data-widget_type=\"login.default\">\n\t\t\t\t\t\t\t<form class=\"elementor-login elementor-form\" method=\"post\" action=\"https:\/\/www.aemam.org\/es\/wp-login.php\" aria-label=\"Fromulario de login\">\n\t\t\t<input type=\"hidden\" name=\"redirect_to\" value=\"\/es\/wp-json\/wp\/v2\/pages\/728\">\n\t\t\t<div class=\"elementor-form-fields-wrapper\">\n\t\t\t\t<div class=\"elementor-field-type-text elementor-field-group elementor-column elementor-col-100 elementor-field-required\">\n\t\t\t\t\t<label for=\"user-1a244ff\" class=\"elementor-field-label\">Nombre de usuario<\/label>\n\t\t\t\t\t<input size=\"1\" type=\"text\" name=\"log\" id=\"user-1a244ff\" placeholder=\"\" class=\"elementor-field elementor-field-textual elementor-size-xs\">\n\t\t\t\t<\/div>\n\t\t\t\t<div class=\"elementor-field-type-text elementor-field-group elementor-column elementor-col-100 elementor-field-required\">\n\t\t\t\t\t<label for=\"password-1a244ff\" class=\"elementor-field-label\">Contrase\u00f1a<\/label>\n\t\t\t\t\t<input size=\"1\" type=\"password\" name=\"pwd\" id=\"password-1a244ff\" placeholder=\"\" class=\"elementor-field elementor-field-textual elementor-size-xs\">\n\t\t\t\t<\/div>\n\n\t\t\t\t\t\t\t\t\t<div class=\"elementor-field-type-checkbox elementor-field-group elementor-column elementor-col-100 elementor-remember-me\">\n\t\t\t\t\t\t<label for=\"elementor-login-remember-me\">\n\t\t\t\t\t\t\t<input type=\"checkbox\" id=\"elementor-login-remember-me\" name=\"rememberme\" value=\"forever\">\n\t\t\t\t\t\t\tRecu\u00e9rdame\t\t\t\t\t\t<\/label>\n\t\t\t\t\t<\/div>\n\t\t\t\t\n\t\t\t\t<div class=\"elementor-field-group elementor-column elementor-field-type-submit elementor-col-100\">\n\t\t\t\t\t<button type=\"submit\" class=\"elementor-size-sm elementor-button\" name=\"wp-submit\">\n\t\t\t\t\t\t\t\t\t\t\t\t\t\t\t<span class=\"elementor-button-text\">Iniciar sesi\u00f3n<\/span>\n\t\t\t\t\t\t\t\t\t\t\t\t<\/button>\n\t\t\t\t<\/div>\n\n\t\t\t\t\t\t\t<\/div>\n\t\t<\/form>\n\t\t\t\t\t\t<\/div>\n\t\t\t\t<\/div>\n\t\t\t\t\t<\/div>\n\t\t\t\t<\/div>\n\t\t<div class=\"elementor-element elementor-element-47410c2 e-flex e-con-boxed e-con e-parent\" data-id=\"47410c2\" data-element_type=\"container\" data-e-type=\"container\" data-settings=\"{&quot;background_background&quot;:&quot;classic&quot;}\">\n\t\t\t\t\t<div class=\"e-con-inner\">\n\t\t<div class=\"elementor-element elementor-element-a059287 e-con-full e-flex e-con e-child\" data-id=\"a059287\" data-element_type=\"container\" data-e-type=\"container\">\n\t\t\t\t<div class=\"elementor-element elementor-element-8ee18e5 elementor-widget elementor-widget-heading\" data-id=\"8ee18e5\" data-element_type=\"widget\" data-e-type=\"widget\" data-widget_type=\"heading.default\">\n\t\t\t\t\t<h2 class=\"elementor-heading-title elementor-size-default\">\u00bfQuieres asociarte?<\/h2>\t\t\t\t<\/div>\n\t\t\t\t<div class=\"elementor-element elementor-element-b68d8be elementor-widget elementor-widget-heading\" data-id=\"b68d8be\" data-element_type=\"widget\" data-e-type=\"widget\" data-widget_type=\"heading.default\">\n\t\t\t\t\t<div class=\"elementor-heading-title elementor-size-default\">Para hacerte socio haz clic en el bot\u00f3n.<\/div>\t\t\t\t<\/div>\n\t\t\t\t<\/div>\n\t\t<div class=\"elementor-element elementor-element-d1535b9 e-con-full e-flex e-con e-child\" data-id=\"d1535b9\" data-element_type=\"container\" data-e-type=\"container\">\n\t\t\t\t<div class=\"elementor-element elementor-element-48be971 elementor-align-right elementor-mobile-align-left elementor-widget elementor-widget-button\" data-id=\"48be971\" data-element_type=\"widget\" data-e-type=\"widget\" data-widget_type=\"button.default\">\n\t\t\t\t\t\t\t\t\t\t<a class=\"elementor-button elementor-button-link elementor-size-sm\" href=\"https:\/\/www.aemam.org\/es\/asociarse\/\">\n\t\t\t\t\t\t<span class=\"elementor-button-content-wrapper\">\n\t\t\t\t\t\t\t\t\t<span class=\"elementor-button-text\">Quiero asociarme<\/span>\n\t\t\t\t\t<\/span>\n\t\t\t\t\t<\/a>\n\t\t\t\t\t\t\t\t<\/div>\n\t\t\t\t<\/div>\n\t\t\t\t\t<\/div>\n\t\t\t\t<\/div>\n\t\t\t\t<\/div>\n\t\t","protected":false},"excerpt":{"rendered":"<p>\u00bfQuieres tener acceso a la normativa del sector? L\u2019Associaci\u00f3 d\u2019Empresaris Metal\u00b7l\u00fargics de l\u2019Alt Maresme os ofrece acceso a toda la normativa del sector, pod\u00e9is consultar toda la informaci\u00f3n relacionada con los reglamentos y normativas vigentes. Nuestra voluntad, es siempre, ayudar a todo representante del sector. Para facilitarte el trabajo, ponemos a tu disposici\u00f3n toda la [&hellip;]<\/p>\n","protected":false},"author":1,"featured_media":0,"parent":0,"menu_order":0,"comment_status":"closed","ping_status":"closed","template":"elementor_header_footer","meta":{"_acf_changed":false,"footnotes":""},"class_list":["post-728","page","type-page","status-publish","hentry"],"acf":[],"yoast_head":"<!-- This site is optimized with the Yoast SEO plugin v26.9 - https:\/\/yoast.com\/product\/yoast-seo-wordpress\/ -->\n<title>Normativa - AEMAM<\/title>\n<meta name=\"description\" content=\"\u00bfQuieres tener acceso a la legislaci\u00f3n del sector? Nuestra voluntad, es siempre, ayudar a todo representante del sector.\" \/>\n<meta name=\"robots\" content=\"index, follow, max-snippet:-1, max-image-preview:large, max-video-preview:-1\" \/>\n<link rel=\"canonical\" href=\"https:\/\/www.aemam.org\/es\/normativa\/\" \/>\n<meta property=\"og:locale\" content=\"es_ES\" \/>\n<meta property=\"og:type\" content=\"article\" \/>\n<meta property=\"og:title\" content=\"Normativa - AEMAM\" \/>\n<meta property=\"og:description\" content=\"\u00bfQuieres tener acceso a la legislaci\u00f3n del sector? Nuestra voluntad, es siempre, ayudar a todo representante del sector.\" \/>\n<meta property=\"og:url\" content=\"https:\/\/www.aemam.org\/es\/normativa\/\" \/>\n<meta property=\"og:site_name\" content=\"AEMAM\" \/>\n<meta property=\"article:modified_time\" content=\"2025-11-24T11:38:42+00:00\" \/>\n<meta name=\"twitter:card\" content=\"summary_large_image\" \/>\n<meta name=\"twitter:label1\" content=\"Tiempo de lectura\" \/>\n\t<meta name=\"twitter:data1\" content=\"1 minuto\" \/>\n<script type=\"application\/ld+json\" class=\"yoast-schema-graph\">{\"@context\":\"https:\/\/schema.org\",\"@graph\":[{\"@type\":\"WebPage\",\"@id\":\"https:\/\/www.aemam.org\/es\/normativa\/\",\"url\":\"https:\/\/www.aemam.org\/es\/normativa\/\",\"name\":\"Normativa - AEMAM\",\"isPartOf\":{\"@id\":\"https:\/\/www.aemam.org\/es\/#website\"},\"datePublished\":\"2025-08-13T11:17:53+00:00\",\"dateModified\":\"2025-11-24T11:38:42+00:00\",\"description\":\"\u00bfQuieres tener acceso a la legislaci\u00f3n del sector? Nuestra voluntad, es siempre, ayudar a todo representante del sector.\",\"breadcrumb\":{\"@id\":\"https:\/\/www.aemam.org\/es\/normativa\/#breadcrumb\"},\"inLanguage\":\"es\",\"potentialAction\":[{\"@type\":\"ReadAction\",\"target\":[\"https:\/\/www.aemam.org\/es\/normativa\/\"]}]},{\"@type\":\"BreadcrumbList\",\"@id\":\"https:\/\/www.aemam.org\/es\/normativa\/#breadcrumb\",\"itemListElement\":[{\"@type\":\"ListItem\",\"position\":1,\"name\":\"Inici\",\"item\":\"https:\/\/www.aemam.org\/es\/inicio\/\"},{\"@type\":\"ListItem\",\"position\":2,\"name\":\"Normativa\"}]},{\"@type\":\"WebSite\",\"@id\":\"https:\/\/www.aemam.org\/es\/#website\",\"url\":\"https:\/\/www.aemam.org\/es\/\",\"name\":\"AEMAM\",\"description\":\"Associaci\u00f3 d&#039;Empresaris Metal\u00b7l\u00fargics de l&#039;Alt Maresme\",\"publisher\":{\"@id\":\"https:\/\/www.aemam.org\/es\/#organization\"},\"potentialAction\":[{\"@type\":\"SearchAction\",\"target\":{\"@type\":\"EntryPoint\",\"urlTemplate\":\"https:\/\/www.aemam.org\/es\/?s={search_term_string}\"},\"query-input\":{\"@type\":\"PropertyValueSpecification\",\"valueRequired\":true,\"valueName\":\"search_term_string\"}}],\"inLanguage\":\"es\"},{\"@type\":\"Organization\",\"@id\":\"https:\/\/www.aemam.org\/es\/#organization\",\"name\":\"AEMAM\",\"url\":\"https:\/\/www.aemam.org\/es\/\",\"logo\":{\"@type\":\"ImageObject\",\"inLanguage\":\"es\",\"@id\":\"https:\/\/www.aemam.org\/es\/#\/schema\/logo\/image\/\",\"url\":\"https:\/\/www.aemam.org\/wp-content\/uploads\/2025\/08\/logo-aemam-blue.svg\",\"contentUrl\":\"https:\/\/www.aemam.org\/wp-content\/uploads\/2025\/08\/logo-aemam-blue.svg\",\"width\":849,\"height\":346,\"caption\":\"AEMAM\"},\"image\":{\"@id\":\"https:\/\/www.aemam.org\/es\/#\/schema\/logo\/image\/\"}}]}<\/script>\n<!-- \/ Yoast SEO plugin. -->","yoast_head_json":{"title":"Normativa - AEMAM","description":"\u00bfQuieres tener acceso a la legislaci\u00f3n del sector? Nuestra voluntad, es siempre, ayudar a todo representante del sector.","robots":{"index":"index","follow":"follow","max-snippet":"max-snippet:-1","max-image-preview":"max-image-preview:large","max-video-preview":"max-video-preview:-1"},"canonical":"https:\/\/www.aemam.org\/es\/normativa\/","og_locale":"es_ES","og_type":"article","og_title":"Normativa - AEMAM","og_description":"\u00bfQuieres tener acceso a la legislaci\u00f3n del sector? Nuestra voluntad, es siempre, ayudar a todo representante del sector.","og_url":"https:\/\/www.aemam.org\/es\/normativa\/","og_site_name":"AEMAM","article_modified_time":"2025-11-24T11:38:42+00:00","twitter_card":"summary_large_image","twitter_misc":{"Tiempo de lectura":"1 minuto"},"schema":{"@context":"https:\/\/schema.org","@graph":[{"@type":"WebPage","@id":"https:\/\/www.aemam.org\/es\/normativa\/","url":"https:\/\/www.aemam.org\/es\/normativa\/","name":"Normativa - AEMAM","isPartOf":{"@id":"https:\/\/www.aemam.org\/es\/#website"},"datePublished":"2025-08-13T11:17:53+00:00","dateModified":"2025-11-24T11:38:42+00:00","description":"\u00bfQuieres tener acceso a la legislaci\u00f3n del sector? Nuestra voluntad, es siempre, ayudar a todo representante del sector.","breadcrumb":{"@id":"https:\/\/www.aemam.org\/es\/normativa\/#breadcrumb"},"inLanguage":"es","potentialAction":[{"@type":"ReadAction","target":["https:\/\/www.aemam.org\/es\/normativa\/"]}]},{"@type":"BreadcrumbList","@id":"https:\/\/www.aemam.org\/es\/normativa\/#breadcrumb","itemListElement":[{"@type":"ListItem","position":1,"name":"Inici","item":"https:\/\/www.aemam.org\/es\/inicio\/"},{"@type":"ListItem","position":2,"name":"Normativa"}]},{"@type":"WebSite","@id":"https:\/\/www.aemam.org\/es\/#website","url":"https:\/\/www.aemam.org\/es\/","name":"AEMAM","description":"Associaci\u00f3 d&#039;Empresaris Metal\u00b7l\u00fargics de l&#039;Alt Maresme","publisher":{"@id":"https:\/\/www.aemam.org\/es\/#organization"},"potentialAction":[{"@type":"SearchAction","target":{"@type":"EntryPoint","urlTemplate":"https:\/\/www.aemam.org\/es\/?s={search_term_string}"},"query-input":{"@type":"PropertyValueSpecification","valueRequired":true,"valueName":"search_term_string"}}],"inLanguage":"es"},{"@type":"Organization","@id":"https:\/\/www.aemam.org\/es\/#organization","name":"AEMAM","url":"https:\/\/www.aemam.org\/es\/","logo":{"@type":"ImageObject","inLanguage":"es","@id":"https:\/\/www.aemam.org\/es\/#\/schema\/logo\/image\/","url":"https:\/\/www.aemam.org\/wp-content\/uploads\/2025\/08\/logo-aemam-blue.svg","contentUrl":"https:\/\/www.aemam.org\/wp-content\/uploads\/2025\/08\/logo-aemam-blue.svg","width":849,"height":346,"caption":"AEMAM"},"image":{"@id":"https:\/\/www.aemam.org\/es\/#\/schema\/logo\/image\/"}}]}},"_links":{"self":[{"href":"https:\/\/www.aemam.org\/es\/wp-json\/wp\/v2\/pages\/728","targetHints":{"allow":["GET"]}}],"collection":[{"href":"https:\/\/www.aemam.org\/es\/wp-json\/wp\/v2\/pages"}],"about":[{"href":"https:\/\/www.aemam.org\/es\/wp-json\/wp\/v2\/types\/page"}],"author":[{"embeddable":true,"href":"https:\/\/www.aemam.org\/es\/wp-json\/wp\/v2\/users\/1"}],"replies":[{"embeddable":true,"href":"https:\/\/www.aemam.org\/es\/wp-json\/wp\/v2\/comments?post=728"}],"version-history":[{"count":17,"href":"https:\/\/www.aemam.org\/es\/wp-json\/wp\/v2\/pages\/728\/revisions"}],"predecessor-version":[{"id":1910,"href":"https:\/\/www.aemam.org\/es\/wp-json\/wp\/v2\/pages\/728\/revisions\/1910"}],"wp:attachment":[{"href":"https:\/\/www.aemam.org\/es\/wp-json\/wp\/v2\/media?parent=728"}],"curies":[{"name":"wp","href":"https:\/\/api.w.org\/{rel}","templated":true}]}}